{"id":8,"date":"2020-06-17T22:26:47","date_gmt":"2020-06-17T20:26:47","guid":{"rendered":"http:\/\/amigos-bar.cz\/?page_id=8"},"modified":"2026-04-26T15:34:17","modified_gmt":"2026-04-26T13:34:17","slug":"amigos","status":"publish","type":"page","link":"http:\/\/amigos-bar.cz\/","title":{"rendered":"AMIGOS"},"content":{"rendered":"\n<p class=\"has-text-align-center\"><a href=\"https:\/\/www.facebook.com\/events\/1030407644079056?acontext=%7B%22action_history%22%3A[%7B%22surface%22%3A%22page%22%2C%22mechanism%22%3A%22page_admin_bar%22%2C%22extra_data%22%3A%22%7B%5C%22page_id%5C%22%3A477986125727915%7D%22%7D%2C%7B%22surface%22%3A%22events_admin_tool%22%2C%22mechanism%22%3A%22events_admin_tool%22%2C%22extra_data%22%3A%22[]%22%7D]%2C%22has_source%22%3Atrue%7D\"><\/a><\/p>\n\n\n\n<p class=\"has-text-align-center\">P\u0159idej se k n\u00e1m na na\u0161em <a href=\"https:\/\/www.facebook.com\/amigos.liberec\">Facebooku<\/a> a <a href=\"https:\/\/www.instagram.com\/amigos.liberec\/\" target=\"_blank\" rel=\"noreferrer noopener\">Instagramu<\/a> &#8230; <a href=\"https:\/\/www.facebook.com\/amigos.liberec\" target=\"_blank\" rel=\"noreferrer noopener\"><img loading=\"lazy\" width=\"40\" height=\"40\" class=\"wp-image-292\" style=\"width: 35px;\" src=\"http:\/\/amigos-bar.cz\/wp-content\/uploads\/2022\/09\/Facebook_icon.svg_-e1663322226516.png\" alt=\"fb\"><\/a> <a href=\"https:\/\/www.instagram.com\/amigos.liberec\/\" target=\"_blank\" rel=\"noreferrer noopener\"><img loading=\"lazy\" width=\"40\" height=\"40\" class=\"wp-image-291\" style=\"width: 35px;\" src=\"http:\/\/amigos-bar.cz\/wp-content\/uploads\/2022\/09\/Instagram_logo_2016.svg_-e1663322236473.png\" alt=\"\"><\/a><\/p>\n\n\n\n<figure class=\"wp-block-image size-large\"><img loading=\"lazy\" width=\"1024\" height=\"1024\" src=\"https:\/\/amigos-bar.cz\/wp-content\/uploads\/2026\/04\/1.5.2026-1024x1024.jpg\" alt=\"\" class=\"wp-image-533\" srcset=\"http:\/\/amigos-bar.cz\/wp-content\/uploads\/2026\/04\/1.5.2026-1024x1024.jpg 1024w, http:\/\/amigos-bar.cz\/wp-content\/uploads\/2026\/04\/1.5.2026-300x300.jpg 300w, http:\/\/amigos-bar.cz\/wp-content\/uploads\/2026\/04\/1.5.2026-150x150.jpg 150w, http:\/\/amigos-bar.cz\/wp-content\/uploads\/2026\/04\/1.5.2026-768x768.jpg 768w, http:\/\/amigos-bar.cz\/wp-content\/uploads\/2026\/04\/1.5.2026.jpg 1275w\" sizes=\"(max-width: 1024px) 100vw, 1024px\" \/><\/figure>\n\n\n\n<figure class=\"wp-block-image size-large\"><img loading=\"lazy\" width=\"1024\" height=\"1024\" src=\"https:\/\/amigos-bar.cz\/wp-content\/uploads\/2026\/04\/2.5.2026-1024x1024.jpg\" alt=\"\" class=\"wp-image-534\" srcset=\"http:\/\/amigos-bar.cz\/wp-content\/uploads\/2026\/04\/2.5.2026-1024x1024.jpg 1024w, http:\/\/amigos-bar.cz\/wp-content\/uploads\/2026\/04\/2.5.2026-300x300.jpg 300w, http:\/\/amigos-bar.cz\/wp-content\/uploads\/2026\/04\/2.5.2026-150x150.jpg 150w, http:\/\/amigos-bar.cz\/wp-content\/uploads\/2026\/04\/2.5.2026-768x768.jpg 768w, http:\/\/amigos-bar.cz\/wp-content\/uploads\/2026\/04\/2.5.2026.jpg 1275w\" sizes=\"(max-width: 1024px) 100vw, 1024px\" \/><\/figure>\n\n\n<div class=\"wp-block-image\">\n<figure class=\"aligncenter size-large\"><img loading=\"lazy\" width=\"724\" height=\"1024\" src=\"https:\/\/amigos-bar.cz\/wp-content\/uploads\/2026\/04\/DDVYLnm2-724x1024.jpg\" alt=\"\" class=\"wp-image-519\" srcset=\"http:\/\/amigos-bar.cz\/wp-content\/uploads\/2026\/04\/DDVYLnm2-724x1024.jpg 724w, http:\/\/amigos-bar.cz\/wp-content\/uploads\/2026\/04\/DDVYLnm2-212x300.jpg 212w, http:\/\/amigos-bar.cz\/wp-content\/uploads\/2026\/04\/DDVYLnm2-768x1086.jpg 768w, http:\/\/amigos-bar.cz\/wp-content\/uploads\/2026\/04\/DDVYLnm2-1086x1536.jpg 1086w, http:\/\/amigos-bar.cz\/wp-content\/uploads\/2026\/04\/DDVYLnm2.jpg 1448w\" sizes=\"(max-width: 724px) 100vw, 724px\" \/><\/figure><\/div>","protected":false},"excerpt":{"rendered":"<p>P\u0159idej se k n\u00e1m na na\u0161em Facebooku a Instagramu &#8230;<\/p>\n","protected":false},"author":1,"featured_media":0,"parent":0,"menu_order":0,"comment_status":"closed","ping_status":"closed","template":"","meta":[],"_links":{"self":[{"href":"http:\/\/amigos-bar.cz\/index.php?rest_route=\/wp\/v2\/pages\/8"}],"collection":[{"href":"http:\/\/amigos-bar.cz\/index.php?rest_route=\/wp\/v2\/pages"}],"about":[{"href":"http:\/\/amigos-bar.cz\/index.php?rest_route=\/wp\/v2\/types\/page"}],"author":[{"embeddable":true,"href":"http:\/\/amigos-bar.cz\/index.php?rest_route=\/wp\/v2\/users\/1"}],"replies":[{"embeddable":true,"href":"http:\/\/amigos-bar.cz\/index.php?rest_route=%2Fwp%2Fv2%2Fcomments&post=8"}],"version-history":[{"count":160,"href":"http:\/\/amigos-bar.cz\/index.php?rest_route=\/wp\/v2\/pages\/8\/revisions"}],"predecessor-version":[{"id":535,"href":"http:\/\/amigos-bar.cz\/index.php?rest_route=\/wp\/v2\/pages\/8\/revisions\/535"}],"wp:attachment":[{"href":"http:\/\/amigos-bar.cz\/index.php?rest_route=%2Fwp%2Fv2%2Fmedia&parent=8"}],"curies":[{"name":"wp","href":"https:\/\/api.w.org\/{rel}","templated":true}]}}